{"id":34627,"date":"2025-03-16T12:04:07","date_gmt":"2025-03-16T12:04:07","guid":{"rendered":"https:\/\/boisdechauffage.ca\/wp\/?page_id=34627"},"modified":"2025-11-29T19:34:39","modified_gmt":"2025-11-29T19:34:39","slug":"abattage-arbres","status":"publish","type":"page","link":"https:\/\/boisdechauffage.ca\/en\/abattage-arbres\/","title":{"rendered":"Abattage &#038; \u00c9lagage"},"content":{"rendered":"<div data-elementor-type=\"wp-page\" data-elementor-id=\"34627\" class=\"elementor elementor-34627\">\n\t\t\t\t\t\t<section class=\"elementor-section elementor-top-section elementor-element elementor-element-1c581116 elementor-section-boxed elementor-section-height-default elementor-section-height-default sc_fly_static\" data-id=\"1c581116\" data-element_type=\"section\" data-e-type=\"section\">\n\t\t\t\t\t\t<div class=\"elementor-container elementor-column-gap-extended\">\n\t\t\t\t\t<div class=\"elementor-column elementor-col-100 elementor-top-column elementor-element elementor-element-4431957e sc_layouts_column_align_center sc_layouts_column sc_content_align_inherit sc_layouts_column_icons_position_left sc_fly_static\" data-id=\"4431957e\" data-element_type=\"column\" data-e-type=\"column\">\n\t\t\t<div class=\"elementor-widget-wrap elementor-element-populated\">\n\t\t\t\t\t\t<div class=\"elementor-element elementor-element-38d3419 sc_height_small sc_fly_static elementor-widget elementor-widget-spacer\" data-id=\"38d3419\" data-element_type=\"widget\" data-e-type=\"widget\" data-widget_type=\"spacer.default\">\n\t\t\t\t<div class=\"elementor-widget-container\">\n\t\t\t\t\t\t\t<div class=\"elementor-spacer\">\n\t\t\t<div class=\"elementor-spacer-inner\"><\/div>\n\t\t<\/div>\n\t\t\t\t\t\t<\/div>\n\t\t\t\t<\/div>\n\t\t\t\t\t<\/div>\n\t\t<\/div>\n\t\t\t\t\t<\/div>\n\t\t<\/section>\n\t\t\t\t<section class=\"elementor-section elementor-top-section elementor-element elementor-element-65d9c838 elementor-section-content-middle elementor-section-boxed elementor-section-height-default elementor-section-height-default sc_fly_static\" data-id=\"65d9c838\" data-element_type=\"section\" data-e-type=\"section\">\n\t\t\t\t\t\t<div class=\"elementor-container elementor-column-gap-extended\">\n\t\t\t\t\t<div class=\"elementor-column elementor-col-50 elementor-top-column elementor-element elementor-element-695ca9f4 sc_content_align_inherit sc_layouts_column_icons_position_left sc_fly_static\" data-id=\"695ca9f4\" data-element_type=\"column\" data-e-type=\"column\">\n\t\t\t<div class=\"elementor-widget-wrap elementor-element-populated\">\n\t\t\t\t\t\t<div class=\"elementor-element elementor-element-5406ee2 sc_fly_static elementor-widget elementor-widget-image\" data-id=\"5406ee2\" data-element_type=\"widget\" data-e-type=\"widget\" data-widget_type=\"image.default\">\n\t\t\t\t<div class=\"elementor-widget-container\">\n\t\t\t\t\t\t\t\t\t\t\t\t\t\t\t<img fetchpriority=\"high\" decoding=\"async\" width=\"518\" height=\"783\" src=\"https:\/\/boisdechauffage.ca\/wp\/wp-content\/uploads\/2025\/03\/domi-1.jpg\" class=\"attachment-large size-large wp-image-34635\" alt=\"\" srcset=\"https:\/\/boisdechauffage.ca\/wp\/wp-content\/uploads\/2025\/03\/domi-1.jpg 518w, https:\/\/boisdechauffage.ca\/wp\/wp-content\/uploads\/2025\/03\/domi-1-198x300.jpg 198w, https:\/\/boisdechauffage.ca\/wp\/wp-content\/uploads\/2025\/03\/domi-1-8x12.jpg 8w, https:\/\/boisdechauffage.ca\/wp\/wp-content\/uploads\/2025\/03\/domi-1-370x559.jpg 370w, https:\/\/boisdechauffage.ca\/wp\/wp-content\/uploads\/2025\/03\/domi-1-410x620.jpg 410w\" sizes=\"(max-width: 600px) 100vw, 518px\" \/>\t\t\t\t\t\t\t\t\t\t\t\t\t\t\t<\/div>\n\t\t\t\t<\/div>\n\t\t\t\t\t<\/div>\n\t\t<\/div>\n\t\t\t\t<div class=\"elementor-column elementor-col-50 elementor-top-column elementor-element elementor-element-164947fe sc_content_align_inherit sc_layouts_column_icons_position_left sc_fly_static\" data-id=\"164947fe\" data-element_type=\"column\" data-e-type=\"column\">\n\t\t\t<div class=\"elementor-widget-wrap elementor-element-populated\">\n\t\t\t\t\t\t<div class=\"elementor-element elementor-element-15164f7e sc_fly_static elementor-widget elementor-widget-trx_sc_title\" data-id=\"15164f7e\" data-element_type=\"widget\" data-e-type=\"widget\" data-widget_type=\"trx_sc_title.default\">\n\t\t\t\t<div class=\"elementor-widget-container\">\n\t\t\t\t\t<div\t\tclass=\"sc_title sc_title_default\" ><h3 class=\"sc_item_title sc_title_title sc_item_title_style_default sc_item_title_tag\"\n\t\t\t><span class=\"sc_item_title_text\">Abattage d'arbres<\/span><\/h3><div class=\"sc_item_descr sc_title_descr\"><p>Il y a plusieurs raisons pour faire abattre un arbre. Dans certaines circonstances celui-ci est mort et dangereux pour vous et votre famille. Dans d'autres cas, un arbre peut tout simplement \u00eatre nuisible.<\/p>\n<p>Nous sommes \u00e0 votre service pour abattre ces arbres de fa\u00e7on s\u00e9curitaire et ce, en gardant l'environnement autour propre et sans casse.<\/p>\n<\/div><\/div>\t\t\t\t<\/div>\n\t\t\t\t<\/div>\n\t\t\t\t<div class=\"elementor-element elementor-element-77926b58 sc_fly_static elementor-widget elementor-widget-spacer\" data-id=\"77926b58\" data-element_type=\"widget\" data-e-type=\"widget\" data-widget_type=\"spacer.default\">\n\t\t\t\t<div class=\"elementor-widget-container\">\n\t\t\t\t\t\t\t<div class=\"elementor-spacer\">\n\t\t\t<div class=\"elementor-spacer-inner\"><\/div>\n\t\t<\/div>\n\t\t\t\t\t\t<\/div>\n\t\t\t\t<\/div>\n\t\t\t\t<div class=\"elementor-element elementor-element-6d96702 sc_fly_static elementor-widget elementor-widget-trx_sc_title\" data-id=\"6d96702\" data-element_type=\"widget\" data-e-type=\"widget\" data-widget_type=\"trx_sc_title.default\">\n\t\t\t\t<div class=\"elementor-widget-container\">\n\t\t\t\t\t<div\t\tclass=\"sc_title sc_title_default\" ><h6 class=\"sc_item_title sc_title_title sc_item_title_style_default sc_item_title_tag\"\n\t\t\t><span class=\"sc_item_title_text\">Pour un bon travail, il est essentiel de consid\u00e9rer les points suivants : <\/span><\/h6><\/div>\t\t\t\t<\/div>\n\t\t\t\t<\/div>\n\t\t\t\t<div class=\"elementor-element elementor-element-0c33c5b sc_fly_static elementor-widget elementor-widget-spacer\" data-id=\"0c33c5b\" data-element_type=\"widget\" data-e-type=\"widget\" data-widget_type=\"spacer.default\">\n\t\t\t\t<div class=\"elementor-widget-container\">\n\t\t\t\t\t\t\t<div class=\"elementor-spacer\">\n\t\t\t<div class=\"elementor-spacer-inner\"><\/div>\n\t\t<\/div>\n\t\t\t\t\t\t<\/div>\n\t\t\t\t<\/div>\n\t\t\t\t<div class=\"elementor-element elementor-element-36da20f sc_fly_static elementor-widget elementor-widget-text-editor\" data-id=\"36da20f\" data-element_type=\"widget\" data-e-type=\"widget\" data-widget_type=\"text-editor.default\">\n\t\t\t\t<div class=\"elementor-widget-container\">\n\t\t\t\t\t\t\t\t\t<ol><li><strong>S\u00e9curit\u00e9<\/strong> : \u00c9valuer les risques et utiliser l&rsquo;\u00e9quipement de protection individuelle appropri\u00e9. Il est important de planifier la zone d&rsquo;abattage pour \u00e9viter les accidents et assurer la s\u00e9curit\u00e9 des travailleurs et des personnes \u00e0 proximit\u00e9.<\/li><li><p><strong>R\u00e9glementation et autorisations<\/strong> : Se conformer aux lois locales et nationales concernant l&rsquo;abattage d&rsquo;arbres, y compris l&rsquo;obtention des permis n\u00e9cessaires. Cela aide \u00e0 s&rsquo;assurer que l&rsquo;abattage est r\u00e9alis\u00e9 de mani\u00e8re l\u00e9gale et \u00e9thique.<\/p><\/li><li><p><strong>Impact environnemental<\/strong> : \u00c9valuer les cons\u00e9quences \u00e9cologiques de l&rsquo;abattage, telles que la perte de biodiversit\u00e9 et les effets sur l&rsquo;\u00e9cosyst\u00e8me local. Privil\u00e9gier des pratiques durables, comme le reboisement ou l&rsquo;abattage s\u00e9lectif, peut aider \u00e0 att\u00e9nuer ces impacts.<\/p><\/li><\/ol>\t\t\t\t\t\t\t\t<\/div>\n\t\t\t\t<\/div>\n\t\t\t\t\t<\/div>\n\t\t<\/div>\n\t\t\t\t\t<\/div>\n\t\t<\/section>\n\t\t\t\t<section class=\"elementor-section elementor-top-section elementor-element elementor-element-28f892e elementor-section-boxed elementor-section-height-default elementor-section-height-default sc_fly_static\" data-id=\"28f892e\" data-element_type=\"section\" data-e-type=\"section\">\n\t\t\t\t\t\t<div class=\"elementor-container elementor-column-gap-extended\">\n\t\t\t\t\t<div class=\"elementor-column elementor-col-100 elementor-top-column elementor-element elementor-element-b174b37 sc_content_align_inherit sc_layouts_column_icons_position_left sc_fly_static\" data-id=\"b174b37\" data-element_type=\"column\" data-e-type=\"column\">\n\t\t\t<div class=\"elementor-widget-wrap elementor-element-populated\">\n\t\t\t\t\t\t<div class=\"elementor-element elementor-element-5c8fa1d sc_fly_static elementor-widget elementor-widget-spacer\" data-id=\"5c8fa1d\" data-element_type=\"widget\" data-e-type=\"widget\" data-widget_type=\"spacer.default\">\n\t\t\t\t<div class=\"elementor-widget-container\">\n\t\t\t\t\t\t\t<div class=\"elementor-spacer\">\n\t\t\t<div class=\"elementor-spacer-inner\"><\/div>\n\t\t<\/div>\n\t\t\t\t\t\t<\/div>\n\t\t\t\t<\/div>\n\t\t\t\t\t<\/div>\n\t\t<\/div>\n\t\t\t\t\t<\/div>\n\t\t<\/section>\n\t\t\t\t<section class=\"elementor-section elementor-top-section elementor-element elementor-element-77d23bc elementor-section-content-middle elementor-section-boxed elementor-section-height-default elementor-section-height-default sc_fly_static\" data-id=\"77d23bc\" data-element_type=\"section\" data-e-type=\"section\">\n\t\t\t\t\t\t<div class=\"elementor-container elementor-column-gap-extended\">\n\t\t\t\t\t<div class=\"elementor-column elementor-col-50 elementor-top-column elementor-element elementor-element-a7b6c47 sc_content_align_inherit sc_layouts_column_icons_position_left sc_fly_static\" data-id=\"a7b6c47\" data-element_type=\"column\" data-e-type=\"column\">\n\t\t\t<div class=\"elementor-widget-wrap elementor-element-populated\">\n\t\t\t\t\t\t<div class=\"elementor-element elementor-element-d64b136 sc_fly_static elementor-widget elementor-widget-trx_sc_title\" data-id=\"d64b136\" data-element_type=\"widget\" data-e-type=\"widget\" data-widget_type=\"trx_sc_title.default\">\n\t\t\t\t<div class=\"elementor-widget-container\">\n\t\t\t\t\t<div\t\tclass=\"sc_title sc_title_default\" ><h3 class=\"sc_item_title sc_title_title sc_item_title_style_default sc_item_title_tag\"\n\t\t\t><span class=\"sc_item_title_text\">\u00c9lagage d'arbres<\/span><\/h3><div class=\"sc_item_descr sc_title_descr\"><p>Que se soit pour enlever des branches d'arbres qui se trouvent trop pr\u00e8s des fils \u00e9lectriques, qui cachent une partie de la maison, qui font trop d'ombre et de feuilles dans votre piscine ou tout simplement pour enlever les branches mortes ou bris\u00e9es, un \u00e9lagage effectu\u00e9 par des professionnels s'impose.<\/p>\n<\/div><\/div>\t\t\t\t<\/div>\n\t\t\t\t<\/div>\n\t\t\t\t<div class=\"elementor-element elementor-element-1e59f12 sc_fly_static elementor-widget elementor-widget-spacer\" data-id=\"1e59f12\" data-element_type=\"widget\" data-e-type=\"widget\" data-widget_type=\"spacer.default\">\n\t\t\t\t<div class=\"elementor-widget-container\">\n\t\t\t\t\t\t\t<div class=\"elementor-spacer\">\n\t\t\t<div class=\"elementor-spacer-inner\"><\/div>\n\t\t<\/div>\n\t\t\t\t\t\t<\/div>\n\t\t\t\t<\/div>\n\t\t\t\t<div class=\"elementor-element elementor-element-2ef665e sc_fly_static elementor-widget elementor-widget-trx_sc_title\" data-id=\"2ef665e\" data-element_type=\"widget\" data-e-type=\"widget\" data-widget_type=\"trx_sc_title.default\">\n\t\t\t\t<div class=\"elementor-widget-container\">\n\t\t\t\t\t<div\t\tclass=\"sc_title sc_title_default\" ><h6 class=\"sc_item_title sc_title_title sc_item_title_style_default sc_item_title_tag\"\n\t\t\t><span class=\"sc_item_title_text\">Quel sont les avantages : <\/span><\/h6><\/div>\t\t\t\t<\/div>\n\t\t\t\t<\/div>\n\t\t\t\t<div class=\"elementor-element elementor-element-68f3df3 sc_fly_static elementor-widget elementor-widget-spacer\" data-id=\"68f3df3\" data-element_type=\"widget\" data-e-type=\"widget\" data-widget_type=\"spacer.default\">\n\t\t\t\t<div class=\"elementor-widget-container\">\n\t\t\t\t\t\t\t<div class=\"elementor-spacer\">\n\t\t\t<div class=\"elementor-spacer-inner\"><\/div>\n\t\t<\/div>\n\t\t\t\t\t\t<\/div>\n\t\t\t\t<\/div>\n\t\t\t\t<div class=\"elementor-element elementor-element-0ced2eb sc_fly_static elementor-widget elementor-widget-text-editor\" data-id=\"0ced2eb\" data-element_type=\"widget\" data-e-type=\"widget\" data-widget_type=\"text-editor.default\">\n\t\t\t\t<div class=\"elementor-widget-container\">\n\t\t\t\t\t\t\t\t\t<ol><li><p><strong>Sant\u00e9 de l&rsquo;arbre<\/strong> : L&rsquo;\u00e9lagage aide \u00e0 \u00e9liminer les branches mortes, malades ou endommag\u00e9es, ce qui favorise une meilleure circulation de l&rsquo;air et de la lumi\u00e8re, r\u00e9duisant ainsi les risques de maladies et de parasites.<\/p><\/li><li><p><strong>S\u00e9curit\u00e9<\/strong> : En enlevant les branches qui pourraient tomber ou causer des obstructions, l&rsquo;\u00e9lagage r\u00e9duit les risques de dommages aux infrastructures et d&rsquo;accidents pour les personnes se trouvant \u00e0 proximit\u00e9.<\/p><\/li><li><p><strong>Esth\u00e9tique et croissance<\/strong> : Un \u00e9lagage appropri\u00e9 am\u00e9liore l&rsquo;apparence de l&rsquo;arbre, en lui donnant une forme harmonieuse, et stimule une croissance saine en dirigeant l&rsquo;\u00e9nergie de l&rsquo;arbre vers les branches les plus fortes et productives.<\/p><\/li><\/ol>\t\t\t\t\t\t\t\t<\/div>\n\t\t\t\t<\/div>\n\t\t\t\t\t<\/div>\n\t\t<\/div>\n\t\t\t\t<div class=\"elementor-column elementor-col-50 elementor-top-column elementor-element elementor-element-580fc24 sc_content_align_inherit sc_layouts_column_icons_position_left sc_fly_static\" data-id=\"580fc24\" data-element_type=\"column\" data-e-type=\"column\">\n\t\t\t<div class=\"elementor-widget-wrap elementor-element-populated\">\n\t\t\t\t\t\t<div class=\"elementor-element elementor-element-9bce79d sc_fly_static elementor-widget elementor-widget-image\" data-id=\"9bce79d\" data-element_type=\"widget\" data-e-type=\"widget\" data-widget_type=\"image.default\">\n\t\t\t\t<div class=\"elementor-widget-container\">\n\t\t\t\t\t\t\t\t\t\t\t\t\t\t\t<img decoding=\"async\" width=\"273\" height=\"400\" src=\"https:\/\/boisdechauffage.ca\/wp\/wp-content\/uploads\/2025\/03\/dom.jpg\" class=\"attachment-large size-large wp-image-34632\" alt=\"\" srcset=\"https:\/\/boisdechauffage.ca\/wp\/wp-content\/uploads\/2025\/03\/dom.jpg 273w, https:\/\/boisdechauffage.ca\/wp\/wp-content\/uploads\/2025\/03\/dom-205x300.jpg 205w, https:\/\/boisdechauffage.ca\/wp\/wp-content\/uploads\/2025\/03\/dom-8x12.jpg 8w\" sizes=\"(max-width: 273px) 100vw, 273px\" \/>\t\t\t\t\t\t\t\t\t\t\t\t\t\t\t<\/div>\n\t\t\t\t<\/div>\n\t\t\t\t\t<\/div>\n\t\t<\/div>\n\t\t\t\t\t<\/div>\n\t\t<\/section>\n\t\t\t\t<section class=\"elementor-section elementor-top-section elementor-element elementor-element-1ad6e166 elementor-section-boxed elementor-section-height-default elementor-section-height-default sc_fly_static\" data-id=\"1ad6e166\" data-element_type=\"section\" data-e-type=\"section\">\n\t\t\t\t\t\t<div class=\"elementor-container elementor-column-gap-extended\">\n\t\t\t\t\t<div class=\"elementor-column elementor-col-100 elementor-top-column elementor-element elementor-element-10116a5c sc_layouts_column_align_center sc_layouts_column sc_content_align_inherit sc_layouts_column_icons_position_left sc_fly_static\" data-id=\"10116a5c\" data-element_type=\"column\" data-e-type=\"column\">\n\t\t\t<div class=\"elementor-widget-wrap elementor-element-populated\">\n\t\t\t\t\t\t<div class=\"elementor-element elementor-element-72b51e01 sc_height_small sc_fly_static elementor-widget elementor-widget-spacer\" data-id=\"72b51e01\" data-element_type=\"widget\" data-e-type=\"widget\" data-widget_type=\"spacer.default\">\n\t\t\t\t<div class=\"elementor-widget-container\">\n\t\t\t\t\t\t\t<div class=\"elementor-spacer\">\n\t\t\t<div class=\"elementor-spacer-inner\"><\/div>\n\t\t<\/div>\n\t\t\t\t\t\t<\/div>\n\t\t\t\t<\/div>\n\t\t\t\t<div class=\"elementor-element elementor-element-4587bb28 sc_fly_static elementor-widget elementor-widget-trx_sc_icons\" data-id=\"4587bb28\" data-element_type=\"widget\" data-e-type=\"widget\" data-widget_type=\"trx_sc_icons.default\">\n\t\t\t\t<div class=\"elementor-widget-container\">\n\t\t\t\t\t<div \tclass=\"sc_icons sc_icons_figure sc_icons_size_medium sc_align_center\" ><div class=\"sc_icons_columns_wrap sc_item_columns trx_addons_columns_wrap columns_padding_bottom columns_in_single_row\" ><div class=\"trx_addons_column-1_2 trx_addons_column-1_2-tablet\"><div class=\"sc_icons_item\"><div class=\"sc_icons_icon sc_icon_type_ icon-f_secateurs-branch\" ><span class=\"sc_icon_type_ icon-f_secateurs-branch\"><\/span><\/div><div class=\"sc_icons_item_details\"><h4 class=\"sc_icons_item_title\"><span>S\u00e9curit\u00e9<\/span><\/h4><div class=\"sc_icons_item_description\"><span>Des coupes mesur\u00e9es et contr\u00f4l\u00e9es<\/span><\/div><\/div><\/div><\/div><div class=\"trx_addons_column-1_2 trx_addons_column-1_2-tablet\"><div class=\"sc_icons_item with_more\"><div class=\"sc_icons_icon sc_icon_type_ icon-new-title\" ><span class=\"sc_icon_type_ icon-new-title\"><\/span><\/div><div class=\"sc_icons_item_details\"><h4 class=\"sc_icons_item_title\"><span>Qualit\u00e9<\/span><\/h4><div class=\"sc_icons_item_description\"><span>\u00c9quipe professionnelle et exp\u00e9riment\u00e9e<\/span><\/div><\/div><\/div><\/div><\/div><\/div><!-- \/.sc_icons -->\t\t\t\t<\/div>\n\t\t\t\t<\/div>\n\t\t\t\t<div class=\"elementor-element elementor-element-1bbfae53 sc_height_small sc_fly_static elementor-widget elementor-widget-spacer\" data-id=\"1bbfae53\" data-element_type=\"widget\" data-e-type=\"widget\" data-widget_type=\"spacer.default\">\n\t\t\t\t<div class=\"elementor-widget-container\">\n\t\t\t\t\t\t\t<div class=\"elementor-spacer\">\n\t\t\t<div class=\"elementor-spacer-inner\"><\/div>\n\t\t<\/div>\n\t\t\t\t\t\t<\/div>\n\t\t\t\t<\/div>\n\t\t\t\t<div class=\"elementor-element elementor-element-a9e9d9d sc_height_small sc_fly_static elementor-widget elementor-widget-spacer\" data-id=\"a9e9d9d\" data-element_type=\"widget\" data-e-type=\"widget\" data-widget_type=\"spacer.default\">\n\t\t\t\t<div class=\"elementor-widget-container\">\n\t\t\t\t\t\t\t<div class=\"elementor-spacer\">\n\t\t\t<div class=\"elementor-spacer-inner\"><\/div>\n\t\t<\/div>\n\t\t\t\t\t\t<\/div>\n\t\t\t\t<\/div>\n\t\t\t\t<div class=\"elementor-element elementor-element-1d1280ab sc_fly_static elementor-widget elementor-widget-trx_sc_title\" data-id=\"1d1280ab\" data-element_type=\"widget\" data-e-type=\"widget\" data-widget_type=\"trx_sc_title.default\">\n\t\t\t\t<div class=\"elementor-widget-container\">\n\t\t\t\t\t<div\t\tclass=\"sc_title sc_title_default\" ><span class=\"sc_item_subtitle sc_title_subtitle sc_item_subtitle_above sc_item_title_style_default\">Christian Lalande<\/span><h2 class=\"sc_item_title sc_title_title sc_item_title_style_default sc_item_title_tag\"\n\t\t\t><span class=\"sc_item_title_text\">Notre \u00e9quipe d'experts est l\u00e0 pour vous guider et garantir des r\u00e9sultats durables et esth\u00e9tiques.<\/span><\/h2><\/div>\t\t\t\t<\/div>\n\t\t\t\t<\/div>\n\t\t\t\t<div class=\"elementor-element elementor-element-27e75e1 sc_height_small sc_fly_static elementor-widget elementor-widget-spacer\" data-id=\"27e75e1\" data-element_type=\"widget\" data-e-type=\"widget\" data-widget_type=\"spacer.default\">\n\t\t\t\t<div class=\"elementor-widget-container\">\n\t\t\t\t\t\t\t<div class=\"elementor-spacer\">\n\t\t\t<div class=\"elementor-spacer-inner\"><\/div>\n\t\t<\/div>\n\t\t\t\t\t\t<\/div>\n\t\t\t\t<\/div>\n\t\t\t\t\t<\/div>\n\t\t<\/div>\n\t\t\t\t\t<\/div>\n\t\t<\/section>\n\t\t\t\t<\/div>","protected":false},"excerpt":{"rendered":"<p>Abattage d&rsquo;arbres Il y a plusieurs raisons pour faire abattre un arbre. Dans certaines circonstances celui-ci est mort et dangereux pour vous et votre famille. Dans d&rsquo;autres cas, un arbre&hellip;<\/p>","protected":false},"author":1,"featured_media":0,"parent":0,"menu_order":0,"comment_status":"closed","ping_status":"closed","template":"","meta":{"pagelayer_contact_templates":[],"_pagelayer_content":"","footnotes":""},"class_list":["post-34627","page","type-page","status-publish","hentry"],"_links":{"self":[{"href":"https:\/\/boisdechauffage.ca\/en\/wp-json\/wp\/v2\/pages\/34627","targetHints":{"allow":["GET"]}}],"collection":[{"href":"https:\/\/boisdechauffage.ca\/en\/wp-json\/wp\/v2\/pages"}],"about":[{"href":"https:\/\/boisdechauffage.ca\/en\/wp-json\/wp\/v2\/types\/page"}],"author":[{"embeddable":true,"href":"https:\/\/boisdechauffage.ca\/en\/wp-json\/wp\/v2\/users\/1"}],"replies":[{"embeddable":true,"href":"https:\/\/boisdechauffage.ca\/en\/wp-json\/wp\/v2\/comments?post=34627"}],"version-history":[{"count":11,"href":"https:\/\/boisdechauffage.ca\/en\/wp-json\/wp\/v2\/pages\/34627\/revisions"}],"predecessor-version":[{"id":34996,"href":"https:\/\/boisdechauffage.ca\/en\/wp-json\/wp\/v2\/pages\/34627\/revisions\/34996"}],"wp:attachment":[{"href":"https:\/\/boisdechauffage.ca\/en\/wp-json\/wp\/v2\/media?parent=34627"}],"curies":[{"name":"wp","href":"https:\/\/api.w.org\/{rel}","templated":true}]}}