{"id":34643,"date":"2025-03-16T13:26:26","date_gmt":"2025-03-16T13:26:26","guid":{"rendered":"https:\/\/boisdechauffage.ca\/wp\/?page_id=34643"},"modified":"2025-11-29T19:35:33","modified_gmt":"2025-11-29T19:35:33","slug":"amenagement-forestier","status":"publish","type":"page","link":"https:\/\/boisdechauffage.ca\/en\/amenagement-forestier\/","title":{"rendered":"Am\u00e9nagement forestier"},"content":{"rendered":"<div data-elementor-type=\"wp-page\" data-elementor-id=\"34643\" class=\"elementor elementor-34643\">\n\t\t\t\t\t\t<section class=\"elementor-section elementor-top-section elementor-element elementor-element-1c581116 elementor-section-boxed elementor-section-height-default elementor-section-height-default sc_fly_static\" data-id=\"1c581116\" data-element_type=\"section\" data-e-type=\"section\">\n\t\t\t\t\t\t<div class=\"elementor-container elementor-column-gap-extended\">\n\t\t\t\t\t<div class=\"elementor-column elementor-col-100 elementor-top-column elementor-element elementor-element-4431957e sc_layouts_column_align_center sc_layouts_column sc_content_align_inherit sc_layouts_column_icons_position_left sc_fly_static\" data-id=\"4431957e\" data-element_type=\"column\" data-e-type=\"column\">\n\t\t\t<div class=\"elementor-widget-wrap elementor-element-populated\">\n\t\t\t\t\t\t<div class=\"elementor-element elementor-element-38d3419 sc_height_small sc_fly_static elementor-widget elementor-widget-spacer\" data-id=\"38d3419\" data-element_type=\"widget\" data-e-type=\"widget\" data-widget_type=\"spacer.default\">\n\t\t\t\t<div class=\"elementor-widget-container\">\n\t\t\t\t\t\t\t<div class=\"elementor-spacer\">\n\t\t\t<div class=\"elementor-spacer-inner\"><\/div>\n\t\t<\/div>\n\t\t\t\t\t\t<\/div>\n\t\t\t\t<\/div>\n\t\t\t\t\t<\/div>\n\t\t<\/div>\n\t\t\t\t\t<\/div>\n\t\t<\/section>\n\t\t\t\t<section class=\"elementor-section elementor-top-section elementor-element elementor-element-65d9c838 elementor-section-content-middle elementor-section-boxed elementor-section-height-default elementor-section-height-default sc_fly_static\" data-id=\"65d9c838\" data-element_type=\"section\" data-e-type=\"section\">\n\t\t\t\t\t\t<div class=\"elementor-container elementor-column-gap-extended\">\n\t\t\t\t\t<div class=\"elementor-column elementor-col-50 elementor-top-column elementor-element elementor-element-695ca9f4 sc_content_align_inherit sc_layouts_column_icons_position_left sc_fly_static\" data-id=\"695ca9f4\" data-element_type=\"column\" data-e-type=\"column\">\n\t\t\t<div class=\"elementor-widget-wrap elementor-element-populated\">\n\t\t\t\t\t\t<div class=\"elementor-element elementor-element-5406ee2 sc_fly_static elementor-widget elementor-widget-image\" data-id=\"5406ee2\" data-element_type=\"widget\" data-e-type=\"widget\" data-widget_type=\"image.default\">\n\t\t\t\t<div class=\"elementor-widget-container\">\n\t\t\t\t\t\t\t\t\t\t\t\t\t\t\t<img fetchpriority=\"high\" decoding=\"async\" width=\"280\" height=\"187\" src=\"https:\/\/boisdechauffage.ca\/wp\/wp-content\/uploads\/2025\/03\/image0000022.jpg\" class=\"attachment-woocommerce_thumbnail size-woocommerce_thumbnail wp-image-34770\" alt=\"\" srcset=\"https:\/\/boisdechauffage.ca\/wp\/wp-content\/uploads\/2025\/03\/image0000022.jpg 280w, https:\/\/boisdechauffage.ca\/wp\/wp-content\/uploads\/2025\/03\/image0000022-18x12.jpg 18w\" sizes=\"(max-width: 280px) 100vw, 280px\" \/>\t\t\t\t\t\t\t\t\t\t\t\t\t\t\t<\/div>\n\t\t\t\t<\/div>\n\t\t\t\t\t<\/div>\n\t\t<\/div>\n\t\t\t\t<div class=\"elementor-column elementor-col-50 elementor-top-column elementor-element elementor-element-164947fe sc_content_align_inherit sc_layouts_column_icons_position_left sc_fly_static\" data-id=\"164947fe\" data-element_type=\"column\" data-e-type=\"column\">\n\t\t\t<div class=\"elementor-widget-wrap elementor-element-populated\">\n\t\t\t\t\t\t<div class=\"elementor-element elementor-element-15164f7e sc_fly_static elementor-widget elementor-widget-trx_sc_title\" data-id=\"15164f7e\" data-element_type=\"widget\" data-e-type=\"widget\" data-widget_type=\"trx_sc_title.default\">\n\t\t\t\t<div class=\"elementor-widget-container\">\n\t\t\t\t\t<div\t\tclass=\"sc_title sc_title_default\" ><h3 class=\"sc_item_title sc_title_title sc_item_title_style_default sc_item_title_tag\"\n\t\t\t><span class=\"sc_item_title_text\">Am\u00e9nagement forestier<\/span><\/h3><div class=\"sc_item_descr sc_title_descr\"><p>Notre entreprise effectue des am\u00e9nagements forestiers ainsi que de l'abattage d'arbres pour les propri\u00e9taires de projets r\u00e9sidentiels , commerciaux ainsi que bois\u00e9s priv\u00e9s.<\/p>\n<\/div><\/div>\t\t\t\t<\/div>\n\t\t\t\t<\/div>\n\t\t\t\t<div class=\"elementor-element elementor-element-77926b58 sc_fly_static elementor-widget elementor-widget-spacer\" data-id=\"77926b58\" data-element_type=\"widget\" data-e-type=\"widget\" data-widget_type=\"spacer.default\">\n\t\t\t\t<div class=\"elementor-widget-container\">\n\t\t\t\t\t\t\t<div class=\"elementor-spacer\">\n\t\t\t<div class=\"elementor-spacer-inner\"><\/div>\n\t\t<\/div>\n\t\t\t\t\t\t<\/div>\n\t\t\t\t<\/div>\n\t\t\t\t<div class=\"elementor-element elementor-element-0c33c5b sc_fly_static elementor-widget elementor-widget-spacer\" data-id=\"0c33c5b\" data-element_type=\"widget\" data-e-type=\"widget\" data-widget_type=\"spacer.default\">\n\t\t\t\t<div class=\"elementor-widget-container\">\n\t\t\t\t\t\t\t<div class=\"elementor-spacer\">\n\t\t\t<div class=\"elementor-spacer-inner\"><\/div>\n\t\t<\/div>\n\t\t\t\t\t\t<\/div>\n\t\t\t\t<\/div>\n\t\t\t\t\t<\/div>\n\t\t<\/div>\n\t\t\t\t\t<\/div>\n\t\t<\/section>\n\t\t\t\t<section class=\"elementor-section elementor-top-section elementor-element elementor-element-28f892e elementor-section-boxed elementor-section-height-default elementor-section-height-default sc_fly_static\" data-id=\"28f892e\" data-element_type=\"section\" data-e-type=\"section\">\n\t\t\t\t\t\t<div class=\"elementor-container elementor-column-gap-extended\">\n\t\t\t\t\t<div class=\"elementor-column elementor-col-100 elementor-top-column elementor-element elementor-element-b174b37 sc_content_align_inherit sc_layouts_column_icons_position_left sc_fly_static\" data-id=\"b174b37\" data-element_type=\"column\" data-e-type=\"column\">\n\t\t\t<div class=\"elementor-widget-wrap elementor-element-populated\">\n\t\t\t\t\t\t<div class=\"elementor-element elementor-element-5c8fa1d sc_fly_static elementor-widget elementor-widget-spacer\" data-id=\"5c8fa1d\" data-element_type=\"widget\" data-e-type=\"widget\" data-widget_type=\"spacer.default\">\n\t\t\t\t<div class=\"elementor-widget-container\">\n\t\t\t\t\t\t\t<div class=\"elementor-spacer\">\n\t\t\t<div class=\"elementor-spacer-inner\"><\/div>\n\t\t<\/div>\n\t\t\t\t\t\t<\/div>\n\t\t\t\t<\/div>\n\t\t\t\t\t<\/div>\n\t\t<\/div>\n\t\t\t\t\t<\/div>\n\t\t<\/section>\n\t\t\t\t<section class=\"elementor-section elementor-top-section elementor-element elementor-element-77d23bc elementor-section-content-middle elementor-section-boxed elementor-section-height-default elementor-section-height-default sc_fly_static\" data-id=\"77d23bc\" data-element_type=\"section\" data-e-type=\"section\">\n\t\t\t\t\t\t<div class=\"elementor-container elementor-column-gap-extended\">\n\t\t\t\t\t<div class=\"elementor-column elementor-col-50 elementor-top-column elementor-element elementor-element-a7b6c47 sc_content_align_inherit sc_layouts_column_icons_position_left sc_fly_static\" data-id=\"a7b6c47\" data-element_type=\"column\" data-e-type=\"column\">\n\t\t\t<div class=\"elementor-widget-wrap elementor-element-populated\">\n\t\t\t\t\t\t<div class=\"elementor-element elementor-element-d64b136 sc_fly_static elementor-widget elementor-widget-trx_sc_title\" data-id=\"d64b136\" data-element_type=\"widget\" data-e-type=\"widget\" data-widget_type=\"trx_sc_title.default\">\n\t\t\t\t<div class=\"elementor-widget-container\">\n\t\t\t\t\t<div\t\tclass=\"sc_title sc_title_default\" ><h3 class=\"sc_item_title sc_title_title sc_item_title_style_default sc_item_title_tag\"\n\t\t\t><span class=\"sc_item_title_text\">D\u00e9boisement de terrains<\/span><\/h3><div class=\"sc_item_descr sc_title_descr\"><p>Les services de d\u00e9boisement de terrains que nous offrons sont des plus professionnels. En affaire dans ce domaine depuis plus de 35 ans, vous pouvez sans souci nous confier vos travaux (qu'ils soient petits ou de longue haleine)..<\/p>\n<p>Ne risquez pas, si vous n'avez pas l'exp\u00e9rience et les assurances ad\u00e9quates d'entreprendre vous-m\u00eames des travaux qui comportent de hauts risques pour votre s\u00e9curit\u00e9 ou celle des autres.<\/p>\n<\/div><\/div>\t\t\t\t<\/div>\n\t\t\t\t<\/div>\n\t\t\t\t<div class=\"elementor-element elementor-element-1e59f12 sc_fly_static elementor-widget elementor-widget-spacer\" data-id=\"1e59f12\" data-element_type=\"widget\" data-e-type=\"widget\" data-widget_type=\"spacer.default\">\n\t\t\t\t<div class=\"elementor-widget-container\">\n\t\t\t\t\t\t\t<div class=\"elementor-spacer\">\n\t\t\t<div class=\"elementor-spacer-inner\"><\/div>\n\t\t<\/div>\n\t\t\t\t\t\t<\/div>\n\t\t\t\t<\/div>\n\t\t\t\t<div class=\"elementor-element elementor-element-2ef665e sc_fly_static elementor-widget elementor-widget-trx_sc_title\" data-id=\"2ef665e\" data-element_type=\"widget\" data-e-type=\"widget\" data-widget_type=\"trx_sc_title.default\">\n\t\t\t\t<div class=\"elementor-widget-container\">\n\t\t\t\t\t<div\t\tclass=\"sc_title sc_title_default\" ><h3 class=\"sc_item_title sc_title_title sc_item_title_style_default sc_item_title_tag\"\n\t\t\t><span class=\"sc_item_title_text\">Am\u00e9nagement de for\u00eat priv\u00e9<\/span><\/h3><\/div>\t\t\t\t<\/div>\n\t\t\t\t<\/div>\n\t\t\t\t<div class=\"elementor-element elementor-element-68f3df3 sc_fly_static elementor-widget elementor-widget-spacer\" data-id=\"68f3df3\" data-element_type=\"widget\" data-e-type=\"widget\" data-widget_type=\"spacer.default\">\n\t\t\t\t<div class=\"elementor-widget-container\">\n\t\t\t\t\t\t\t<div class=\"elementor-spacer\">\n\t\t\t<div class=\"elementor-spacer-inner\"><\/div>\n\t\t<\/div>\n\t\t\t\t\t\t<\/div>\n\t\t\t\t<\/div>\n\t\t\t\t<div class=\"elementor-element elementor-element-0ced2eb sc_fly_static elementor-widget elementor-widget-text-editor\" data-id=\"0ced2eb\" data-element_type=\"widget\" data-e-type=\"widget\" data-widget_type=\"text-editor.default\">\n\t\t\t\t<div class=\"elementor-widget-container\">\n\t\t\t\t\t\t\t\t\t<p>Il faut intervenir en for\u00eat priv\u00e9e afin de maintenir et de maximiser la production foresti\u00e8re en respectant le potentiel des sites.<br \/><br \/>Pour ce faire , il faut :<\/p><ul><li style=\"list-style-type: none;\"><ul><li>favoriser l&rsquo;\u00e9tablissement et la protection de la r\u00e9g\u00e9ration naturelle ;<\/li><li>pr\u00e9coniser la r\u00e9colte d&rsquo;arbres \u00e0 leur maturit\u00e9 ;<\/li><li>recourir \u00e0 la plantation pour remettre en valeur les friches abandonn\u00e9es et les parterres de coupes mal r\u00e9g\u00e9n\u00e9r\u00e9s ;<\/li><li>r\u00e9aliser des travaux d&rsquo;\u00e9claircie afin d&rsquo;am\u00e9liorer la croissance , la qualit\u00e9s , la vigueur et la composition des peuplements.<\/li><\/ul><\/li><\/ul>\t\t\t\t\t\t\t\t<\/div>\n\t\t\t\t<\/div>\n\t\t\t\t\t<\/div>\n\t\t<\/div>\n\t\t\t\t<div class=\"elementor-column elementor-col-50 elementor-top-column elementor-element elementor-element-580fc24 sc_content_align_inherit sc_layouts_column_icons_position_left sc_fly_static\" data-id=\"580fc24\" data-element_type=\"column\" data-e-type=\"column\">\n\t\t\t<div class=\"elementor-widget-wrap elementor-element-populated\">\n\t\t\t\t\t\t<div class=\"elementor-element elementor-element-9bce79d sc_fly_static elementor-widget elementor-widget-image\" data-id=\"9bce79d\" data-element_type=\"widget\" data-e-type=\"widget\" data-widget_type=\"image.default\">\n\t\t\t\t<div class=\"elementor-widget-container\">\n\t\t\t\t\t\t\t\t\t\t\t\t\t\t\t<img decoding=\"async\" width=\"800\" height=\"534\" src=\"https:\/\/boisdechauffage.ca\/wp\/wp-content\/uploads\/2025\/03\/image0000032.jpg\" class=\"attachment-large size-large wp-image-34771\" alt=\"\" srcset=\"https:\/\/boisdechauffage.ca\/wp\/wp-content\/uploads\/2025\/03\/image0000032.jpg 800w, https:\/\/boisdechauffage.ca\/wp\/wp-content\/uploads\/2025\/03\/image0000032-300x200.jpg 300w, https:\/\/boisdechauffage.ca\/wp\/wp-content\/uploads\/2025\/03\/image0000032-768x513.jpg 768w, https:\/\/boisdechauffage.ca\/wp\/wp-content\/uploads\/2025\/03\/image0000032-18x12.jpg 18w, https:\/\/boisdechauffage.ca\/wp\/wp-content\/uploads\/2025\/03\/image0000032-370x247.jpg 370w, https:\/\/boisdechauffage.ca\/wp\/wp-content\/uploads\/2025\/03\/image0000032-410x274.jpg 410w, https:\/\/boisdechauffage.ca\/wp\/wp-content\/uploads\/2025\/03\/image0000032-600x401.jpg 600w\" sizes=\"(max-width: 800px) 100vw, 800px\" \/>\t\t\t\t\t\t\t\t\t\t\t\t\t\t\t<\/div>\n\t\t\t\t<\/div>\n\t\t\t\t\t<\/div>\n\t\t<\/div>\n\t\t\t\t\t<\/div>\n\t\t<\/section>\n\t\t\t\t<section class=\"elementor-section elementor-top-section elementor-element elementor-element-1ad6e166 elementor-section-boxed elementor-section-height-default elementor-section-height-default sc_fly_static\" data-id=\"1ad6e166\" data-element_type=\"section\" data-e-type=\"section\">\n\t\t\t\t\t\t<div class=\"elementor-container elementor-column-gap-extended\">\n\t\t\t\t\t<div class=\"elementor-column elementor-col-100 elementor-top-column elementor-element elementor-element-10116a5c sc_layouts_column_align_center sc_layouts_column sc_content_align_inherit sc_layouts_column_icons_position_left sc_fly_static\" data-id=\"10116a5c\" data-element_type=\"column\" data-e-type=\"column\">\n\t\t\t<div class=\"elementor-widget-wrap elementor-element-populated\">\n\t\t\t\t\t\t<div class=\"elementor-element elementor-element-72b51e01 sc_height_small sc_fly_static elementor-widget elementor-widget-spacer\" data-id=\"72b51e01\" data-element_type=\"widget\" data-e-type=\"widget\" data-widget_type=\"spacer.default\">\n\t\t\t\t<div class=\"elementor-widget-container\">\n\t\t\t\t\t\t\t<div class=\"elementor-spacer\">\n\t\t\t<div class=\"elementor-spacer-inner\"><\/div>\n\t\t<\/div>\n\t\t\t\t\t\t<\/div>\n\t\t\t\t<\/div>\n\t\t\t\t<div class=\"elementor-element elementor-element-4587bb28 sc_fly_static elementor-widget elementor-widget-trx_sc_icons\" data-id=\"4587bb28\" data-element_type=\"widget\" data-e-type=\"widget\" data-widget_type=\"trx_sc_icons.default\">\n\t\t\t\t<div class=\"elementor-widget-container\">\n\t\t\t\t\t<div \tclass=\"sc_icons sc_icons_figure sc_icons_size_medium sc_align_center\" ><div class=\"sc_icons_columns_wrap sc_item_columns trx_addons_columns_wrap columns_padding_bottom columns_in_single_row\" ><div class=\"trx_addons_column-1_2 trx_addons_column-1_2-tablet\"><div class=\"sc_icons_item\"><div class=\"sc_icons_icon sc_icon_type_ icon-f_woodland\" ><span class=\"sc_icon_type_ icon-f_woodland\"><\/span><\/div><div class=\"sc_icons_item_details\"><h4 class=\"sc_icons_item_title\"><span>S\u00e9curit\u00e9<\/span><\/h4><div class=\"sc_icons_item_description\"><span>Des coupes mesur\u00e9es et contr\u00f4l\u00e9es<\/span><\/div><\/div><\/div><\/div><div class=\"trx_addons_column-1_2 trx_addons_column-1_2-tablet\"><div class=\"sc_icons_item with_more\"><div class=\"sc_icons_icon sc_icon_type_ icon-new-title\" ><span class=\"sc_icon_type_ icon-new-title\"><\/span><\/div><div class=\"sc_icons_item_details\"><h4 class=\"sc_icons_item_title\"><span>Qualit\u00e9<\/span><\/h4><div class=\"sc_icons_item_description\"><span>\u00c9quipe professionnelle et exp\u00e9riment\u00e9e<\/span><\/div><\/div><\/div><\/div><\/div><\/div><!-- \/.sc_icons -->\t\t\t\t<\/div>\n\t\t\t\t<\/div>\n\t\t\t\t<div class=\"elementor-element elementor-element-1bbfae53 sc_height_small sc_fly_static elementor-widget elementor-widget-spacer\" data-id=\"1bbfae53\" data-element_type=\"widget\" data-e-type=\"widget\" data-widget_type=\"spacer.default\">\n\t\t\t\t<div class=\"elementor-widget-container\">\n\t\t\t\t\t\t\t<div class=\"elementor-spacer\">\n\t\t\t<div class=\"elementor-spacer-inner\"><\/div>\n\t\t<\/div>\n\t\t\t\t\t\t<\/div>\n\t\t\t\t<\/div>\n\t\t\t\t\t<\/div>\n\t\t<\/div>\n\t\t\t\t\t<\/div>\n\t\t<\/section>\n\t\t\t\t<\/div>","protected":false},"excerpt":{"rendered":"<p>Am\u00e9nagement forestier Notre entreprise effectue des am\u00e9nagements forestiers ainsi que de l&rsquo;abattage d&rsquo;arbres pour les propri\u00e9taires de projets r\u00e9sidentiels , commerciaux ainsi que bois\u00e9s priv\u00e9s. D\u00e9boisement de terrains Les services&hellip;<\/p>","protected":false},"author":1,"featured_media":0,"parent":0,"menu_order":0,"comment_status":"closed","ping_status":"closed","template":"","meta":{"pagelayer_contact_templates":[],"_pagelayer_content":"","footnotes":""},"class_list":["post-34643","page","type-page","status-publish","hentry"],"_links":{"self":[{"href":"https:\/\/boisdechauffage.ca\/en\/wp-json\/wp\/v2\/pages\/34643","targetHints":{"allow":["GET"]}}],"collection":[{"href":"https:\/\/boisdechauffage.ca\/en\/wp-json\/wp\/v2\/pages"}],"about":[{"href":"https:\/\/boisdechauffage.ca\/en\/wp-json\/wp\/v2\/types\/page"}],"author":[{"embeddable":true,"href":"https:\/\/boisdechauffage.ca\/en\/wp-json\/wp\/v2\/users\/1"}],"replies":[{"embeddable":true,"href":"https:\/\/boisdechauffage.ca\/en\/wp-json\/wp\/v2\/comments?post=34643"}],"version-history":[{"count":14,"href":"https:\/\/boisdechauffage.ca\/en\/wp-json\/wp\/v2\/pages\/34643\/revisions"}],"predecessor-version":[{"id":34999,"href":"https:\/\/boisdechauffage.ca\/en\/wp-json\/wp\/v2\/pages\/34643\/revisions\/34999"}],"wp:attachment":[{"href":"https:\/\/boisdechauffage.ca\/en\/wp-json\/wp\/v2\/media?parent=34643"}],"curies":[{"name":"wp","href":"https:\/\/api.w.org\/{rel}","templated":true}]}}