{"id":2381,"date":"2023-03-12T12:19:47","date_gmt":"2023-03-12T12:19:47","guid":{"rendered":"http:\/\/test\/?post_type=product&#038;p=2381"},"modified":"2025-09-20T14:53:57","modified_gmt":"2025-09-20T14:53:57","slug":"cross-cut-tree","status":"publish","type":"product","link":"https:\/\/boisdechauffage.ca\/en\/product\/cross-cut-tree\/","title":{"rendered":"Cross-cut tree"},"content":{"rendered":"<p class=\"\" data-start=\"423\" data-end=\"624\">Apportez chaleur et authenticit\u00e9 \u00e0 votre foyer avec notre bois de chauffage <strong data-start=\"499\" data-end=\"517\">Cross-Cut Tree<\/strong>, soigneusement coup\u00e9 en sections transversales pour une combustion optimale et une pr\u00e9sentation naturelle.<\/p>\n<p class=\"\" data-start=\"626\" data-end=\"1240\">\ud83d\udd38 <strong data-start=\"629\" data-end=\"646\">Bois tr\u00e8s sec<\/strong> \u2013 Taux d\u2019humidit\u00e9 inf\u00e9rieur \u00e0 20 %, pr\u00eat \u00e0 br\u00fbler d\u00e8s la livraison.<br data-start=\"714\" data-end=\"717\" \/>\ud83d\udd38 <strong data-start=\"720\" data-end=\"752\">Coupe transversale naturelle<\/strong> \u2013 Chaque b\u00fbche conserve son aspect brut et rustique, id\u00e9al pour les po\u00eales \u00e0 bois, foyers ouverts ou fours \u00e0 bois.<br data-start=\"867\" data-end=\"870\" \/>\ud83d\udd38 <strong data-start=\"873\" data-end=\"891\">Essence locale<\/strong> \u2013 Bois dur s\u00e9lectionn\u00e9 (ch\u00eane, \u00e9rable, h\u00eatre ou bouleau), reconnu pour sa combustion lente et sa haute performance thermique.<br data-start=\"1017\" data-end=\"1020\" \/>\ud83d\udd38 <strong data-start=\"1023\" data-end=\"1051\" data-is-only-node=\"\">Dimensions standardis\u00e9es<\/strong> \u2013 Longueur moyenne de 14 \u00e0 16 pouces pour une compatibilit\u00e9 avec la majorit\u00e9 des foyers.<\/p>\n<p class=\"\" data-start=\"1242\" data-end=\"1260\">Parfait pour :<\/p>\n<ul data-start=\"1261\" data-end=\"1370\">\n<li class=\"\" data-start=\"1261\" data-end=\"1286\">\n<p class=\"\" data-start=\"1263\" data-end=\"1286\">Chauffage r\u00e9sidentiel<\/p>\n<\/li>\n<li class=\"\" data-start=\"1287\" data-end=\"1325\">\n<p class=\"\" data-start=\"1289\" data-end=\"1325\">Ambiances rustiques ou d\u00e9coratives<\/p>\n<\/li>\n<li class=\"\" data-start=\"1326\" data-end=\"1370\">\n<p class=\"\" data-start=\"1328\" data-end=\"1370\">Campings, chalets ou soir\u00e9es feu de camp<\/p>\n<\/li>\n<\/ul>","protected":false},"excerpt":{"rendered":"<p>Coup\u00e9 en tranches transversales, le bois Cross-Cut Tree est parfaitement sec, pr\u00eat \u00e0 br\u00fbler et id\u00e9al pour un foyer chaleureux et rustique.<\/p>","protected":false},"featured_media":33965,"template":"","meta":{"pagelayer_contact_templates":[],"_pagelayer_content":""},"product_brand":[],"product_cat":[265],"product_tag":[201,202,200],"class_list":{"0":"post-2381","1":"product","2":"type-product","3":"status-publish","4":"has-post-thumbnail","6":"product_cat-bois-dallumage","7":"product_tag-boisdequalite","8":"product_tag-boispretabruler","9":"product_tag-boissechenaturellement","11":"first","12":"outofstock","13":"featured","14":"shipping-taxable","15":"purchasable","16":"product-type-simple"},"_links":{"self":[{"href":"https:\/\/boisdechauffage.ca\/en\/wp-json\/wp\/v2\/product\/2381","targetHints":{"allow":["GET"]}}],"collection":[{"href":"https:\/\/boisdechauffage.ca\/en\/wp-json\/wp\/v2\/product"}],"about":[{"href":"https:\/\/boisdechauffage.ca\/en\/wp-json\/wp\/v2\/types\/product"}],"wp:featuredmedia":[{"embeddable":true,"href":"https:\/\/boisdechauffage.ca\/en\/wp-json\/wp\/v2\/media\/33965"}],"wp:attachment":[{"href":"https:\/\/boisdechauffage.ca\/en\/wp-json\/wp\/v2\/media?parent=2381"}],"wp:term":[{"taxonomy":"product_brand","embeddable":true,"href":"https:\/\/boisdechauffage.ca\/en\/wp-json\/wp\/v2\/product_brand?post=2381"},{"taxonomy":"product_cat","embeddable":true,"href":"https:\/\/boisdechauffage.ca\/en\/wp-json\/wp\/v2\/product_cat?post=2381"},{"taxonomy":"product_tag","embeddable":true,"href":"https:\/\/boisdechauffage.ca\/en\/wp-json\/wp\/v2\/product_tag?post=2381"}],"curies":[{"name":"wp","href":"https:\/\/api.w.org\/{rel}","templated":true}]}}