{"id":34625,"date":"2025-03-16T01:32:25","date_gmt":"2025-03-16T01:32:25","guid":{"rendered":"https:\/\/boisdechauffage.ca\/wp\/?post_type=product&#038;p=34625"},"modified":"2026-02-28T17:43:46","modified_gmt":"2026-02-28T17:43:46","slug":"cordes-de-bois-tres-sec","status":"publish","type":"product","link":"https:\/\/boisdechauffage.ca\/en\/product\/cordes-de-bois-tres-sec\/","title":{"rendered":"Cordes de Bois TR\u00c8S-SEC"},"content":{"rendered":"<p class=\"\" data-start=\"203\" data-end=\"380\">Pour un feu de qualit\u00e9 sup\u00e9rieure, choisissez nos <strong data-start=\"253\" data-end=\"275\">cordes de bois sec<\/strong>, compos\u00e9es exclusivement d\u2019<strong data-start=\"303\" data-end=\"337\">essences nobles de bois francs<\/strong> : \u00c9rable, Merisier, H\u00eatre, Fr\u00eane et Ch\u00eane.<\/p>\n<p class=\"\" data-start=\"382\" data-end=\"728\">\ud83d\udd38 <strong data-start=\"385\" data-end=\"402\">Bois tr\u00e8s sec<\/strong>, pr\u00eat \u00e0 br\u00fbler pour une combustion propre et efficace<br data-start=\"456\" data-end=\"459\" \/>\ud83d\udd38 <strong data-start=\"462\" data-end=\"490\">Essences dures seulement<\/strong> \u2013 aucun bois mou utilis\u00e9<br data-start=\"515\" data-end=\"518\" \/>\ud83d\udd38 <strong data-start=\"521\" data-end=\"541\">Combustion lente<\/strong> pour une chaleur constante et durable<br data-start=\"579\" data-end=\"582\" \/>\ud83d\udd38 <strong data-start=\"585\" data-end=\"599\" data-is-only-node=\"\">Bois local<\/strong> s\u00e9lectionn\u00e9 avec soin pour un rendement optimal<br data-start=\"647\" data-end=\"650\" \/>\ud83d\udd38 <strong data-start=\"653\" data-end=\"675\">Coupe standardis\u00e9e<\/strong> \u2013 compatible avec la majorit\u00e9 des foyers et po\u00eales<\/p>\n<p class=\"\" data-start=\"730\" data-end=\"765\"><strong data-start=\"732\" data-end=\"763\">Avantages suppl\u00e9mentaires :<\/strong><\/p>\n<ul data-start=\"766\" data-end=\"974\">\n<li class=\"\" data-start=\"766\" data-end=\"835\">\n<p class=\"\" data-start=\"768\" data-end=\"835\">Le bois de foyer est <strong data-start=\"789\" data-end=\"833\">fendu \u00e0 la grosseur exig\u00e9e par le client<\/strong><\/p>\n<\/li>\n<li class=\"\" data-start=\"836\" data-end=\"893\">\n<p class=\"\" data-start=\"838\" data-end=\"893\">Les <strong data-start=\"842\" data-end=\"891\">quantit\u00e9s sont cord\u00e9es et mesur\u00e9es \u00e0 l\u2019avance<\/strong><\/p>\n<\/li>\n<li class=\"\" data-start=\"939\" data-end=\"974\">\n<p class=\"\" data-start=\"941\" data-end=\"974\"><strong data-start=\"941\" data-end=\"974\">Quantit\u00e9 et qualit\u00e9 garanties<\/strong><\/p>\n<\/li>\n<\/ul>\n<h3>Les prix de notre bois de Chauffage<\/h3>\n<table>\n<tbody>\n<tr>\n<th class=\"first\"><strong>Nombre de cordes<\/strong><\/th>\n<th>Caract\u00e9ristiques<\/th>\n<th>Prix<\/th>\n<\/tr>\n<tr class=\"row-a\">\n<td class=\"first\">3 Cordes et +<\/td>\n<td>Bois TR\u00c8S SEC (CORDE 4&prime; X 8&prime; X 14\u00a0\u00bb \u00e0 16\u00a0\u00bb)<\/td>\n<td>165 $ \/ Corde<\/td>\n<\/tr>\n<tr class=\"row-b\">\n<td class=\"first\">2 Cordes<\/td>\n<td>Bois TR\u00c8S SEC (CORDE 4&prime; X 8&prime; X 14\u00a0\u00bb \u00e0 16\u00a0\u00bb)<\/td>\n<td>170 $ \/ Corde<\/td>\n<\/tr>\n<tr class=\"row-a\">\n<td class=\"first\">1 Corde<\/td>\n<td>Bois TR\u00c8S SEC (CORDE 4&prime; X 8&prime; X 14\u00a0\u00bb \u00e0 16\u00a0\u00bb)<\/td>\n<td>190 $ \/ Corde<\/td>\n<\/tr>\n<tr class=\"row-b\">\n<td class=\"first\">Sans Livraison<\/td>\n<td>Bois TR\u00c8S SEC (CORDE 4&prime; X 8&prime; X 14\u00a0\u00bb \u00e0 16\u00a0\u00bb)<\/td>\n<td>155 $ \/ Corde<\/td>\n<\/tr>\n<\/tbody>\n<\/table>","protected":false},"excerpt":{"rendered":"<p>Pour un bon chauffage, il est crucial d&rsquo;utiliser du bois bien sec, car il br\u00fble plus efficacement et produit moins de cr\u00e9osote, ce qui r\u00e9duit le risque de feux de chemin\u00e9e. Un bois avec un taux d&rsquo;humidit\u00e9 inf\u00e9rieur \u00e0 20 % est id\u00e9al, notre stockage est un endroit a\u00e9r\u00e9 afin de maintenir la qualit\u00e9, la densit\u00e9 et la capacit\u00e9 du bois \u00e0 d\u00e9gager une chaleur durable.<\/p>","protected":false},"featured_media":34917,"template":"","meta":{"pagelayer_contact_templates":[],"_pagelayer_content":""},"product_brand":[],"product_cat":[197],"product_tag":[205,201,206],"class_list":{"0":"post-34625","1":"product","2":"type-product","3":"status-publish","4":"has-post-thumbnail","6":"product_cat-cordes-de-bois","7":"product_tag-boisdechauffage","8":"product_tag-boisdequalite","9":"product_tag-cordes-de-bois-semi-sec","11":"first","12":"outofstock","13":"featured","14":"shipping-taxable","15":"purchasable","16":"product-type-variable"},"_links":{"self":[{"href":"https:\/\/boisdechauffage.ca\/en\/wp-json\/wp\/v2\/product\/34625","targetHints":{"allow":["GET"]}}],"collection":[{"href":"https:\/\/boisdechauffage.ca\/en\/wp-json\/wp\/v2\/product"}],"about":[{"href":"https:\/\/boisdechauffage.ca\/en\/wp-json\/wp\/v2\/types\/product"}],"wp:featuredmedia":[{"embeddable":true,"href":"https:\/\/boisdechauffage.ca\/en\/wp-json\/wp\/v2\/media\/34917"}],"wp:attachment":[{"href":"https:\/\/boisdechauffage.ca\/en\/wp-json\/wp\/v2\/media?parent=34625"}],"wp:term":[{"taxonomy":"product_brand","embeddable":true,"href":"https:\/\/boisdechauffage.ca\/en\/wp-json\/wp\/v2\/product_brand?post=34625"},{"taxonomy":"product_cat","embeddable":true,"href":"https:\/\/boisdechauffage.ca\/en\/wp-json\/wp\/v2\/product_cat?post=34625"},{"taxonomy":"product_tag","embeddable":true,"href":"https:\/\/boisdechauffage.ca\/en\/wp-json\/wp\/v2\/product_tag?post=34625"}],"curies":[{"name":"wp","href":"https:\/\/api.w.org\/{rel}","templated":true}]}}