{"id":34799,"date":"2025-03-29T19:00:02","date_gmt":"2025-03-29T19:00:02","guid":{"rendered":"https:\/\/boisdechauffage.ca\/wp\/?post_type=product&#038;p=34799"},"modified":"2026-02-28T17:37:00","modified_gmt":"2026-02-28T17:37:00","slug":"cordes-de-bois-tremble","status":"publish","type":"product","link":"https:\/\/boisdechauffage.ca\/en\/product\/cordes-de-bois-tremble\/","title":{"rendered":"Cordes de Bois M\u00e9lang\u00e9s SEC"},"content":{"rendered":"<ul>\n<li>Cordes de bois de foyer tremble, \u00e9rable, sapin, etc.<\/li>\n<li>Le bois de foyer est fendu \u00e0 la grosseur exig\u00e9e par le client.<\/li>\n<li>Les quantit\u00e9s sont cord\u00e9es et mesur\u00e9es \u00e0 l&rsquo;avance.<\/li>\n<li>Quantit\u00e9 et qualit\u00e9 garantie.<\/li>\n<\/ul>\n<h3>Les prix de notre bois de Chauffage<\/h3>\n<table>\n<tbody>\n<tr>\n<th class=\"first\"><strong>Nombre de cordes<\/strong><\/th>\n<th>Caract\u00e9ristiques<\/th>\n<th>Prix<\/th>\n<\/tr>\n<tr class=\"row-a\">\n<td class=\"first\">3 Cordes et +<\/td>\n<td>Bois M\u00e9lang\u00e9s SEC (CORDE 4&prime; X 8&prime; X 14\u00a0\u00bb \u00e0 16\u00a0\u00bb)<\/td>\n<td>135 $ \/ Corde<\/td>\n<\/tr>\n<tr class=\"row-b\">\n<td class=\"first\">2 Cordes<\/td>\n<td>Bois M\u00e9lang\u00e9s SEC (CORDE 4&prime; X 8&prime; X 14\u00a0\u00bb \u00e0 16\u00a0\u00bb)<\/td>\n<td>145 $ \/ Corde<\/td>\n<\/tr>\n<tr class=\"row-a\">\n<td class=\"first\">1 Corde<\/td>\n<td>Bois M\u00e9lang\u00e9s SEC (CORDE 4&prime; X 8&prime; X 14\u00a0\u00bb \u00e0 16\u00a0\u00bb)<\/td>\n<td>170 $ \/ Corde<\/td>\n<\/tr>\n<tr class=\"row-b\">\n<td class=\"first\">Sans Livraison<\/td>\n<td>Bois M\u00e9lang\u00e9s SEC (CORDE 4&prime; X 8&prime; X 14\u00a0\u00bb \u00e0 16\u00a0\u00bb)<\/td>\n<td>135 $ \/ Corde<\/td>\n<\/tr>\n<\/tbody>\n<\/table>\n<p>&nbsp;<\/p>","protected":false},"excerpt":{"rendered":"<p>Pour un bon chauffage, il est crucial d&rsquo;utiliser du bois bien sec, car il br\u00fble plus efficacement et produit moins de cr\u00e9osote, ce qui r\u00e9duit le risque de feux de chemin\u00e9e. Un bois avec un taux d&rsquo;humidit\u00e9 inf\u00e9rieur \u00e0 20 % est id\u00e9al, notre stockage est un endroit a\u00e9r\u00e9 afin de maintenir la qualit\u00e9, la densit\u00e9 et la capacit\u00e9 du bois \u00e0 d\u00e9gager une chaleur durable.<\/p>","protected":false},"featured_media":34863,"template":"","meta":{"pagelayer_contact_templates":[],"_pagelayer_content":""},"product_brand":[],"product_cat":[197],"product_tag":[205,201],"class_list":{"0":"post-34799","1":"product","2":"type-product","3":"status-publish","4":"has-post-thumbnail","6":"product_cat-cordes-de-bois","7":"product_tag-boisdechauffage","8":"product_tag-boisdequalite","10":"first","11":"instock","12":"featured","13":"shipping-taxable","14":"purchasable","15":"product-type-variable"},"_links":{"self":[{"href":"https:\/\/boisdechauffage.ca\/en\/wp-json\/wp\/v2\/product\/34799","targetHints":{"allow":["GET"]}}],"collection":[{"href":"https:\/\/boisdechauffage.ca\/en\/wp-json\/wp\/v2\/product"}],"about":[{"href":"https:\/\/boisdechauffage.ca\/en\/wp-json\/wp\/v2\/types\/product"}],"wp:featuredmedia":[{"embeddable":true,"href":"https:\/\/boisdechauffage.ca\/en\/wp-json\/wp\/v2\/media\/34863"}],"wp:attachment":[{"href":"https:\/\/boisdechauffage.ca\/en\/wp-json\/wp\/v2\/media?parent=34799"}],"wp:term":[{"taxonomy":"product_brand","embeddable":true,"href":"https:\/\/boisdechauffage.ca\/en\/wp-json\/wp\/v2\/product_brand?post=34799"},{"taxonomy":"product_cat","embeddable":true,"href":"https:\/\/boisdechauffage.ca\/en\/wp-json\/wp\/v2\/product_cat?post=34799"},{"taxonomy":"product_tag","embeddable":true,"href":"https:\/\/boisdechauffage.ca\/en\/wp-json\/wp\/v2\/product_tag?post=34799"}],"curies":[{"name":"wp","href":"https:\/\/api.w.org\/{rel}","templated":true}]}}