{"id":34802,"date":"2025-03-29T19:06:02","date_gmt":"2025-03-29T19:06:02","guid":{"rendered":"https:\/\/boisdechauffage.ca\/wp\/?post_type=product&#038;p=34802"},"modified":"2025-11-29T19:22:05","modified_gmt":"2025-11-29T19:22:05","slug":"sec-bois-allumage","status":"publish","type":"product","link":"https:\/\/boisdechauffage.ca\/en\/product\/sec-bois-allumage\/","title":{"rendered":"Bois d&rsquo;allumage"},"content":{"rendered":"<p class=\"\" data-start=\"273\" data-end=\"531\">Allumez votre feu facilement avec notre <strong data-start=\"313\" data-end=\"339\">sac de bois d\u2019allumage<\/strong> 100 % naturel.<br data-start=\"354\" data-end=\"357\" \/>S\u00e9ch\u00e9 \u00e0 l\u2019air libre , ce bois l\u00e9ger et sec assure un d\u00e9part de feu rapide et sans fum\u00e9e excessive.<\/p>\n<p class=\"\" data-start=\"533\" data-end=\"683\">\ud83d\udd38 Bois tendre et tr\u00e8s sec<br data-start=\"559\" data-end=\"562\" \/>\ud83d\udd38 Taille pratique pour une combustion rapide<br data-start=\"607\" data-end=\"610\" \/>\ud83d\udd38 Format sac facile \u00e0 transporter<br data-start=\"644\" data-end=\"647\" \/>\ud83d\udd38 Produit local et \u00e9coresponsable<\/p>\n<p class=\"\" data-start=\"1242\" data-end=\"1260\">Id\u00e9al pour :<\/p>\n<ul data-start=\"1261\" data-end=\"1370\">\n<li class=\"\" data-start=\"1261\" data-end=\"1286\">\n<p class=\"\" data-start=\"1263\" data-end=\"1286\">Chauffage r\u00e9sidentiel &#8211; po\u00eales, foyers, barbecues<\/p>\n<\/li>\n<li class=\"\" data-start=\"1326\" data-end=\"1370\">\n<p class=\"\" data-start=\"1328\" data-end=\"1370\">Campings, chalets ou soir\u00e9es feu de camp<\/p>\n<\/li>\n<\/ul>","protected":false},"excerpt":{"rendered":"<p>Un feu qui part du premier coup !<br data-start=\"766\" data-end=\"769\" \/>Notre bois d\u2019allumage, ultra sec et naturel, est parfait pour lancer vos soir\u00e9es au coin du feu ou vos BBQ d\u2019\u00e9t\u00e9. Pratique, propre et sans tracas.<\/p>","protected":false},"featured_media":34913,"template":"","meta":{"pagelayer_contact_templates":[],"_pagelayer_content":""},"product_brand":[],"product_cat":[265],"product_tag":[266,267],"class_list":{"0":"post-34802","1":"product","2":"type-product","3":"status-publish","4":"has-post-thumbnail","6":"product_cat-bois-dallumage","7":"product_tag-bois-en-sac","8":"product_tag-bois-francs-sec","10":"first","11":"instock","12":"featured","13":"shipping-taxable","14":"purchasable","15":"product-type-variable"},"_links":{"self":[{"href":"https:\/\/boisdechauffage.ca\/en\/wp-json\/wp\/v2\/product\/34802","targetHints":{"allow":["GET"]}}],"collection":[{"href":"https:\/\/boisdechauffage.ca\/en\/wp-json\/wp\/v2\/product"}],"about":[{"href":"https:\/\/boisdechauffage.ca\/en\/wp-json\/wp\/v2\/types\/product"}],"wp:featuredmedia":[{"embeddable":true,"href":"https:\/\/boisdechauffage.ca\/en\/wp-json\/wp\/v2\/media\/34913"}],"wp:attachment":[{"href":"https:\/\/boisdechauffage.ca\/en\/wp-json\/wp\/v2\/media?parent=34802"}],"wp:term":[{"taxonomy":"product_brand","embeddable":true,"href":"https:\/\/boisdechauffage.ca\/en\/wp-json\/wp\/v2\/product_brand?post=34802"},{"taxonomy":"product_cat","embeddable":true,"href":"https:\/\/boisdechauffage.ca\/en\/wp-json\/wp\/v2\/product_cat?post=34802"},{"taxonomy":"product_tag","embeddable":true,"href":"https:\/\/boisdechauffage.ca\/en\/wp-json\/wp\/v2\/product_tag?post=34802"}],"curies":[{"name":"wp","href":"https:\/\/api.w.org\/{rel}","templated":true}]}}